{"id":2094,"date":"2024-01-24T09:08:59","date_gmt":"2024-01-24T09:08:59","guid":{"rendered":"https:\/\/scoala.eimagine.ro\/?page_id=2094"},"modified":"2024-01-31T12:24:44","modified_gmt":"2024-01-31T12:24:44","slug":"regulament-cursuri","status":"publish","type":"page","link":"https:\/\/scoala.eimagine.ro\/en\/regulament-cursuri\/","title":{"rendered":"Regulament cursuri"},"content":{"rendered":"<div data-elementor-type=\"wp-page\" data-elementor-id=\"2094\" class=\"elementor elementor-2094\" data-elementor-post-type=\"page\">\n\t\t\t\t<div class=\"elementor-element elementor-element-83440ef e-con-full e-flex e-con e-parent\" data-id=\"83440ef\" data-element_type=\"container\" data-settings=\"{&quot;background_background&quot;:&quot;classic&quot;,&quot;jet_parallax_layout_list&quot;:[]}\">\n\t\t\t\t<\/div>\n\t\t<div class=\"elementor-element elementor-element-15266e4 e-flex e-con-boxed e-con e-parent\" data-id=\"15266e4\" data-element_type=\"container\" data-settings=\"{&quot;jet_parallax_layout_list&quot;:[]}\">\n\t\t\t\t\t<div class=\"e-con-inner\">\n\t\t\t\t<div class=\"elementor-element elementor-element-ddc02e2 jet-breadcrumbs-align-mobile-center elementor-widget elementor-widget-jet-breadcrumbs\" data-id=\"ddc02e2\" data-element_type=\"widget\" data-widget_type=\"jet-breadcrumbs.default\">\n\t\t\t\t<div class=\"elementor-widget-container\">\n\t\t\t<div class=\"elementor-jet-breadcrumbs jet-blocks\">\n\t\t<div class=\"jet-breadcrumbs\">\n\t\t<div class=\"jet-breadcrumbs__content\">\n\t\t<div class=\"jet-breadcrumbs__wrap\"><div class=\"jet-breadcrumbs__item\"><a href=\"https:\/\/scoala.eimagine.ro\/en\/\" class=\"jet-breadcrumbs__item-link is-home\" rel=\"home\" title=\"HomePage\">HomePage<\/a><\/div>\n\t\t<\/div>\n\t\t<\/div>\n\t\t<\/div><\/div>\t\t<\/div>\n\t\t\t\t<\/div>\n\t\t\t\t\t<\/div>\n\t\t\t\t<\/div>\n\t\t<div class=\"elementor-element elementor-element-e381846 e-flex e-con-boxed e-con e-parent\" data-id=\"e381846\" data-element_type=\"container\" data-settings=\"{&quot;background_background&quot;:&quot;classic&quot;,&quot;jet_parallax_layout_list&quot;:[]}\">\n\t\t\t\t\t<div class=\"e-con-inner\">\n\t\t<div class=\"elementor-element elementor-element-b292e1e e-con-full e-flex e-con e-child\" data-id=\"b292e1e\" data-element_type=\"container\" data-settings=\"{&quot;background_background&quot;:&quot;classic&quot;,&quot;jet_parallax_layout_list&quot;:[]}\">\n\t\t\t\t<div class=\"elementor-element elementor-element-1e67867 elementor-widget elementor-widget-heading\" data-id=\"1e67867\" data-element_type=\"widget\" data-widget_type=\"heading.default\">\n\t\t\t\t<div class=\"elementor-widget-container\">\n\t\t\t<h1 class=\"elementor-heading-title elementor-size-default\">Regulament cursuri<\/h1>\t\t<\/div>\n\t\t\t\t<\/div>\n\t\t\t\t<\/div>\n\t\t<div class=\"elementor-element elementor-element-f0e88b6 e-con-full e-flex e-con e-child\" data-id=\"f0e88b6\" data-element_type=\"container\" data-settings=\"{&quot;background_background&quot;:&quot;classic&quot;,&quot;jet_parallax_layout_list&quot;:[]}\">\n\t\t<div class=\"elementor-element elementor-element-7db87cc e-con-full e-flex e-con e-child\" data-id=\"7db87cc\" data-element_type=\"container\" id=\"content\" data-settings=\"{&quot;jet_parallax_layout_list&quot;:[],&quot;sticky&quot;:&quot;top&quot;,&quot;sticky_on&quot;:[&quot;widescreen&quot;,&quot;desktop&quot;,&quot;laptop&quot;],&quot;sticky_parent&quot;:&quot;yes&quot;,&quot;sticky_offset&quot;:0,&quot;sticky_effects_offset&quot;:0}\">\n\t\t\t\t<div class=\"elementor-element elementor-element-5512bed elementor-widget elementor-widget-heading\" data-id=\"5512bed\" data-element_type=\"widget\" data-widget_type=\"heading.default\">\n\t\t\t\t<div class=\"elementor-widget-container\">\n\t\t\t<h2 class=\"elementor-heading-title elementor-size-default\">GENERALIT\u0102\u0162I<\/h2>\t\t<\/div>\n\t\t\t\t<\/div>\n\t\t\t\t<div class=\"elementor-element elementor-element-1e45ed0 elementor-widget__width-inherit elementor-widget elementor-widget-text-editor\" data-id=\"1e45ed0\" data-element_type=\"widget\" data-widget_type=\"text-editor.default\">\n\t\t\t\t<div class=\"elementor-widget-container\">\n\t\t\t\t\t\t\t<div class=\"elementor-element elementor-element-1da6146f elementor-widget elementor-widget-text-editor\" data-id=\"1da6146f\" data-element_type=\"widget\" data-widget_type=\"text-editor.default\"><div class=\"elementor-widget-container\"><p><strong>Art. 1<\/strong><br \/>Prin \u201ecursant\u201d se \u00een\u021belege orice persoan\u0103 care solicit\u0103 \u015fi pl\u0103te\u015fte servicii de asisten\u0163\u0103 turistic\u0103 \u015fi particip\u0103 la o activitate de preg\u0103tire montan\u0103, indiferent de tipul de activitate \u015fi de durat\u0103.<\/p><p><strong>Art. 2<\/strong><br \/>Prin \u201eghid\u201d se \u00een\u0163elege orice persoan\u0103 calificat\u0103 (ghid montan, lider montan, instructor de alpinism\/escalad\u0103) sau \u00een curs de calificare (ghid aspirant\/ini\u0163iator federal) care presteaz\u0103 servicii de asisten\u0163\u0103 turistic\u0103. Echipa Rucksack.<\/p><p><strong>Art. 3<\/strong><br \/>Prin \u201ccurs\u201d se \u00een\u0163elege stagiu de preg\u0103tire cu o durat\u0103 de cinci zile consecutive. Prin \u201catelier\u201d se \u00een\u0163elege un modul de preg\u0103tire pe durata a dou\u0103 zile consecutive. Aceste dou\u0103 variante de instruire sunt prezentate mai departe sub denumirea comun\u0103 de \u201ccursuri\u201d.<\/p><p><strong>Art. 4<\/strong><br \/>Cursurile desf\u0103\u0219urate sub numele comercial \u201dRucksack Mountain Guides\u201d sunt organizate de c\u0103tre AECO \u2013 Asocia\u021bia de Educa\u021bie \u0219i Cultur\u0103 Outdoor \u00een cadrul programului de educa\u021bie a mersului \u00een natur\u0103 \u0219i se adreseaz\u0103 tuturor persoanelor care doresc sa \u00eenve\u0163e tehnica necesara pentru a \u00ee\u015fi desf\u0103\u015fura activitatea pe munte \u00een siguran\u0163\u0103.<\/p><p>Coordonatorul acestora este Marian Anghel, ghid montan autorizat, Schi und Hochtouren Uebungsleiter (Austria) \u0219i vicepre\u0219edintele Union of International Mountain Leader Associations (UIMLA).<\/p><p><strong>Art. 5<\/strong><br \/>Alpinismul \u0219i activit\u0103\u021bile montane, \u00een general, care includ drume\u021bia montan\u0103, c\u0103\u021b\u0103rarea pe st\u00e2nc\u0103, schiul pe p\u00e2rtie \u0219i \u00een afara p\u00e2rtiei, sunt activit\u0103\u021bi cu un grad ridicat de risc de accidentare \u0219i chiar deces, \u00een ciuda tuturor m\u0103surilor de siguran\u021b\u0103 luate de organizatori.<\/p><p>Participan\u021bii la cursurile de preg\u0103tire \u00een aceste activit\u0103\u021bi trebuie s\u0103 \u00ee\u0219i asume r\u0103spunderea pentru riscurile inerente specifice, care nu pot fi acoperite de c\u0103tre organizatori.<\/p><\/div><\/div>\t\t\t\t\t\t<\/div>\n\t\t\t\t<\/div>\n\t\t\t\t<div class=\"elementor-element elementor-element-719ac37 elementor-widget__width-inherit elementor-widget-divider--view-line elementor-widget elementor-widget-divider\" data-id=\"719ac37\" data-element_type=\"widget\" data-widget_type=\"divider.default\">\n\t\t\t\t<div class=\"elementor-widget-container\">\n\t\t\t\t\t<div class=\"elementor-divider\">\n\t\t\t<span class=\"elementor-divider-separator\">\n\t\t\t\t\t\t<\/span>\n\t\t<\/div>\n\t\t\t\t<\/div>\n\t\t\t\t<\/div>\n\t\t\t\t<div class=\"elementor-element elementor-element-b837594 elementor-widget elementor-widget-heading\" data-id=\"b837594\" data-element_type=\"widget\" data-widget_type=\"heading.default\">\n\t\t\t\t<div class=\"elementor-widget-container\">\n\t\t\t<h2 class=\"elementor-heading-title elementor-size-default\">CONDI\u0162II DE ORGANIZARE<\/h2>\t\t<\/div>\n\t\t\t\t<\/div>\n\t\t\t\t<div class=\"elementor-element elementor-element-1d6364d elementor-widget__width-inherit elementor-widget elementor-widget-text-editor\" data-id=\"1d6364d\" data-element_type=\"widget\" data-widget_type=\"text-editor.default\">\n\t\t\t\t<div class=\"elementor-widget-container\">\n\t\t\t\t\t\t\t<p><strong>Art. 6<\/strong><br \/>Nr. minim de persoane pentru ca un curs s\u0103 fie organizat este de 3. Nr. maxim de participan\u0163i accepta\u0163i \u00eentr-un curs variaz\u0103 \u00een func\u0163ie de raportul ghid\/cursan\u0163i \u015fi tipul de activitate.<\/p><p><strong>Art. 7<\/strong><br \/>\u00cen cazul \u00een care nu se adun\u0103 num\u0103rul minim de participan\u0163i la curs, organizatorul \u00ee\u015fi rezerv\u0103 dreptul de a anula desf\u0103\u015furarea lui, cu restituirea integral\u0103 a sumei bani pl\u0103tite.<\/p>\t\t\t\t\t\t<\/div>\n\t\t\t\t<\/div>\n\t\t\t\t<div class=\"elementor-element elementor-element-f01b20f elementor-widget__width-inherit elementor-widget-divider--view-line elementor-widget elementor-widget-divider\" data-id=\"f01b20f\" data-element_type=\"widget\" data-widget_type=\"divider.default\">\n\t\t\t\t<div class=\"elementor-widget-container\">\n\t\t\t\t\t<div class=\"elementor-divider\">\n\t\t\t<span class=\"elementor-divider-separator\">\n\t\t\t\t\t\t<\/span>\n\t\t<\/div>\n\t\t\t\t<\/div>\n\t\t\t\t<\/div>\n\t\t\t\t<div class=\"elementor-element elementor-element-ce53fff elementor-widget elementor-widget-heading\" data-id=\"ce53fff\" data-element_type=\"widget\" data-widget_type=\"heading.default\">\n\t\t\t\t<div class=\"elementor-widget-container\">\n\t\t\t<h2 class=\"elementor-heading-title elementor-size-default\">\t\nCONDI\u0162II DE PARTICIPARE\n<\/h2>\t\t<\/div>\n\t\t\t\t<\/div>\n\t\t\t\t<div class=\"elementor-element elementor-element-5a34f8d elementor-widget__width-inherit elementor-widget elementor-widget-text-editor\" data-id=\"5a34f8d\" data-element_type=\"widget\" data-widget_type=\"text-editor.default\">\n\t\t\t\t<div class=\"elementor-widget-container\">\n\t\t\t\t\t\t\t<p><strong>Art.8<\/strong><br \/>To\u0163i participan\u0163ii la cursurile de preg\u0103tire montan\u0103 trebuie s\u0103 aib\u0103 v\u00e2rsta minim\u0103 de 16 ani \u00eemplini\u0163i, la data inscrierii.<\/p><p><strong>Art. 9<\/strong><br \/>Un minor poate participa la un curs de preg\u0103tire montan\u0103, numai cu acordul scris al unui p\u0103rinte sau a tutorelui legal.<\/p><p><strong>Art. 10<\/strong><br \/>Pentru \u00eenscriere \u015fi rezervarea locului la un curs, toate persoanele trebuie:<br \/>1. s\u0103 completeze un formular tip pentru \u00eenscriere;<br \/>2. s\u0103 achite un avans din contravaloarea cursului pentru rezervarea locului;<\/p><p><strong>Art.11<\/strong><br \/>Avansul achitat pentru rezervarea unui loc la unul din cursurile organizate de noi, nu se restituie \u0219i nu este transferabil la alt curs, \u00een cazul \u00een care nu se mai poate participa la cursul la care s-a f\u0103cut rezervarea.<\/p><p><strong>Art.12<\/strong><br \/>To\u0163i cei care s-au \u00eenscris la unul din cursurile de cinci zile, trebuie s\u0103 prezinte \u00een prima zi a stagiului:<\/p><p><strong>Obligatoriu:<\/strong><br \/>1. actul de identitate;<br \/>2. acordul unui parinte (pentru minori);<\/p><p><strong>Optional:<\/strong><br \/>\u2013 poli\u0163\u0103 de asigurare pentru accidente \u00een alpinism, care sa acopere perioada stagiului;<\/p>\t\t\t\t\t\t<\/div>\n\t\t\t\t<\/div>\n\t\t\t\t<div class=\"elementor-element elementor-element-3cce74c elementor-widget__width-inherit elementor-widget-divider--view-line elementor-widget elementor-widget-divider\" data-id=\"3cce74c\" data-element_type=\"widget\" data-widget_type=\"divider.default\">\n\t\t\t\t<div class=\"elementor-widget-container\">\n\t\t\t\t\t<div class=\"elementor-divider\">\n\t\t\t<span class=\"elementor-divider-separator\">\n\t\t\t\t\t\t<\/span>\n\t\t<\/div>\n\t\t\t\t<\/div>\n\t\t\t\t<\/div>\n\t\t\t\t<div class=\"elementor-element elementor-element-4576736 elementor-widget elementor-widget-heading\" data-id=\"4576736\" data-element_type=\"widget\" data-widget_type=\"heading.default\">\n\t\t\t\t<div class=\"elementor-widget-container\">\n\t\t\t<h2 class=\"elementor-heading-title elementor-size-default\">DESF\u0102\u015eURAREA CURSULUI\n<\/h2>\t\t<\/div>\n\t\t\t\t<\/div>\n\t\t\t\t<div class=\"elementor-element elementor-element-4c32e9b elementor-widget__width-inherit elementor-widget elementor-widget-text-editor\" data-id=\"4c32e9b\" data-element_type=\"widget\" data-widget_type=\"text-editor.default\">\n\t\t\t\t<div class=\"elementor-widget-container\">\n\t\t\t\t\t\t\t<p><strong>Art.13<\/strong><br \/>La cursurile Rucksack nu pot participa dec\u00e2t cei care au achitat integral contravaloarea lui \u015fi care au \u00eendeplinit condi\u0163iile de participare.<\/p><p><strong>Art. 14<\/strong><br \/>\u00cen cazul \u00een care o persoana nu \u00eendepline\u015fte condi\u0163iile de participare, poate fi exclus\u0103 din cadrul cursului, f\u0103r\u0103 restituirea avansului pl\u0103tit.<\/p><p><strong>Art.15<\/strong><br \/>Dac\u0103 vremea se anun\u0163\u0103 nefavorabil\u0103, perioada de desf\u0103\u015furare a cursului se poate modifica, de comun acord cu persoanele \u00eenscrise.<\/p><p><strong>Art. 16<\/strong><br \/>Organizatorul \u00ee\u015fi rezerv\u0103 dreptul de a anula cursul programat, indiferent de motiv. \u00cen aceste conditii, \u00eentreaga suma pl\u0103tit\u0103 deja de cursan\u0163i, va fi returnat\u0103.<\/p><p><strong>Art. 17<\/strong><br \/>Dac\u0103 o persoan\u0103 deja \u00eenscris\u0103 la unul din cursuri \u00ee\u015fi anuleaz\u0103 participarea, indiferent de motiv, avansul achitat la \u00eenscriere nu va fi restituit.<\/p><p><strong>Art. 18<\/strong><br \/>Pe parcursul cursului, participan\u0163ii sunt obliga\u0163i s\u0103 dea ascultare ghidului sau instructorului care se ocup\u0103 de grupa respectiv\u0103 \u015fi\/sau coordonatorului stagiului.<\/p><p><strong>Art. 19<\/strong><br \/>Pe tot parcursul cursului, la activit\u0103\u021bile teoretice \u0219i practice, b\u0103uturile alcoolice nu sunt acceptate.<\/p><p><strong>Art. 20<\/strong><br \/>Toat\u0103 activitatea desf\u0103\u015furat\u0103 pe parcursul cursului este \u00een armonie cu natura (protec\u021bia mediului) \u015fi cu regulamentele din zon\u0103.<\/p><p><strong>Art. 21<\/strong><br \/>Programul activit\u0103\u0163ilor \u00een cadrul stagiilor integrale de cinci zile este, \u00een general, urm\u0103torul:<br \/>1. diminea\u0163a\/pr\u00e2nz: activitati practice \u00een teren;<br \/>2. dup\u0103 amiaza\/seara: activit\u0103\u0163i teoretice.<\/p>\t\t\t\t\t\t<\/div>\n\t\t\t\t<\/div>\n\t\t\t\t<div class=\"elementor-element elementor-element-efe18be elementor-widget__width-inherit elementor-widget-divider--view-line elementor-widget elementor-widget-divider\" data-id=\"efe18be\" data-element_type=\"widget\" data-widget_type=\"divider.default\">\n\t\t\t\t<div class=\"elementor-widget-container\">\n\t\t\t\t\t<div class=\"elementor-divider\">\n\t\t\t<span class=\"elementor-divider-separator\">\n\t\t\t\t\t\t<\/span>\n\t\t<\/div>\n\t\t\t\t<\/div>\n\t\t\t\t<\/div>\n\t\t\t\t<div class=\"elementor-element elementor-element-65d6306 elementor-widget elementor-widget-heading\" data-id=\"65d6306\" data-element_type=\"widget\" data-widget_type=\"heading.default\">\n\t\t\t\t<div class=\"elementor-widget-container\">\n\t\t\t<h2 class=\"elementor-heading-title elementor-size-default\">RESPONSABILIT\u0102\u0162I\n<\/h2>\t\t<\/div>\n\t\t\t\t<\/div>\n\t\t\t\t<div class=\"elementor-element elementor-element-a90cc08 elementor-widget__width-inherit elementor-widget elementor-widget-text-editor\" data-id=\"a90cc08\" data-element_type=\"widget\" data-widget_type=\"text-editor.default\">\n\t\t\t\t<div class=\"elementor-widget-container\">\n\t\t\t\t\t\t\t<p><strong>Art. 22<\/strong><br \/>Excludem asumarea oric\u0103rei responsabilit\u0103\u0163i privind pierderea, distrugerea propriet\u0103\u0163ii, pagube materiale sau r\u0103niri personale (inclusiv decesul), pe care le poate suferi clientul, ca rezultat al:<br \/>\u2013 nepreg\u0103tirii sale fizice;<br \/>\u2013 for\u0163elor naturii;<br \/>\u2013 consumului de b\u0103uturi alcoolice;<br \/>\u2013 defec\u0163iunilor de fabric\u0103 ale echipamentului folosit;<br \/>\u2013 accesului limitat la serviciul medical;<\/p><p><strong>Art. 23<\/strong><br \/>Cursantul va fi direct responsabil de plata bunurilor distruse, folosite pe parcursului cursului.<\/p><p><strong>Art. 24<\/strong><br \/>La \u00eenceputul cursului, to\u021bi cursantii vor semna o \u201eDeclaratie de asumare a raspunderii\u201d. In caz contrar, nu vor avea voie sa participe la curs, situa\u0163ie \u00een care \u00eentreaga sum\u0103 pl\u0103tit\u0103 deja va fi restituit\u0103.<\/p><p><strong>Art. 25<\/strong><br \/>Prin \u00eenscrierea la curs, stagiarii ne vor oferi implicit permisiunea de a folosi fotografiile \u015fi imaginile video realizate in timpul cursului, \u00een scopuri de promovare \u015fi reclama ulterioar\u0103, f\u0103r\u0103 remunerare.<\/p>\t\t\t\t\t\t<\/div>\n\t\t\t\t<\/div>\n\t\t\t\t<div class=\"elementor-element elementor-element-75f42d2 elementor-widget__width-inherit elementor-widget-divider--view-line elementor-widget elementor-widget-divider\" data-id=\"75f42d2\" data-element_type=\"widget\" data-widget_type=\"divider.default\">\n\t\t\t\t<div class=\"elementor-widget-container\">\n\t\t\t\t\t<div class=\"elementor-divider\">\n\t\t\t<span class=\"elementor-divider-separator\">\n\t\t\t\t\t\t<\/span>\n\t\t<\/div>\n\t\t\t\t<\/div>\n\t\t\t\t<\/div>\n\t\t\t\t<div class=\"elementor-element elementor-element-c456b50 elementor-widget elementor-widget-heading\" data-id=\"c456b50\" data-element_type=\"widget\" data-widget_type=\"heading.default\">\n\t\t\t\t<div class=\"elementor-widget-container\">\n\t\t\t<h2 class=\"elementor-heading-title elementor-size-default\">\u00ceNCHEIEREA CURSULUI<\/h2>\t\t<\/div>\n\t\t\t\t<\/div>\n\t\t\t\t<div class=\"elementor-element elementor-element-a1d3c40 elementor-widget__width-inherit elementor-widget elementor-widget-text-editor\" data-id=\"a1d3c40\" data-element_type=\"widget\" data-widget_type=\"text-editor.default\">\n\t\t\t\t<div class=\"elementor-widget-container\">\n\t\t\t\t\t\t\t<p><strong>Art.26<\/strong><br \/>To\u0163i cursan\u0163ii care au participat la un curs vor primi, la cerere, o diplom\u0103 care va atesta acest lucru.<\/p><p><strong>Art. 27<\/strong><br \/>\u00cenc\u0103lcarea unui articol din prezentul regulament, poate duce la excluderea din cadrul cursului, f\u0103r\u0103 restituirea taxei de participare.<\/p><p><strong>Art. 28<\/strong><br \/>\u00censcrierea si rezervarea de locuri la cursurile \u201dRucksack Mountain Guides\u201d presupune acordul cu acest Regulament.<\/p>\t\t\t\t\t\t<\/div>\n\t\t\t\t<\/div>\n\t\t\t\t<\/div>\n\t\t<div class=\"elementor-element elementor-element-8ca49e6 e-con-full e-flex e-con e-child\" data-id=\"8ca49e6\" data-element_type=\"container\" data-settings=\"{&quot;jet_parallax_layout_list&quot;:[],&quot;sticky&quot;:&quot;top&quot;,&quot;sticky_on&quot;:[&quot;widescreen&quot;,&quot;desktop&quot;,&quot;laptop&quot;],&quot;sticky_parent&quot;:&quot;yes&quot;,&quot;sticky_offset&quot;:0,&quot;sticky_effects_offset&quot;:0}\">\n\t\t\t\t<div class=\"elementor-element elementor-element-e96f662 elementor-widget__width-inherit elementor-widget elementor-widget-heading\" data-id=\"e96f662\" data-element_type=\"widget\" data-widget_type=\"heading.default\">\n\t\t\t\t<div class=\"elementor-widget-container\">\n\t\t\t<h3 class=\"elementor-heading-title elementor-size-default\">Partners<\/h3>\t\t<\/div>\n\t\t\t\t<\/div>\n\t\t\t\t<div class=\"elementor-element elementor-element-03d28c6 elementor-widget elementor-widget-text-editor\" data-id=\"03d28c6\" data-element_type=\"widget\" data-widget_type=\"text-editor.default\">\n\t\t\t\t<div class=\"elementor-widget-container\">\n\t\t\t\t\t\t\t<p>Lorem ipsum dolor sit amet, consectetur adipiscing elit. Ut elit tellus, luctus nec ullamcorper mattis, pulvinar dapibus leo.<\/p>\t\t\t\t\t\t<\/div>\n\t\t\t\t<\/div>\n\t\t\t\t<div class=\"elementor-element elementor-element-e8c8d2c elementor-widget elementor-widget-button\" data-id=\"e8c8d2c\" data-element_type=\"widget\" data-widget_type=\"button.default\">\n\t\t\t\t<div class=\"elementor-widget-container\">\n\t\t\t\t\t<div class=\"elementor-button-wrapper\">\n\t\t\t<a class=\"elementor-button elementor-button-link elementor-size-xs\" href=\"\/en\/parteneri-scoala-rucksack\/\">\n\t\t\t\t\t\t<span class=\"elementor-button-content-wrapper\">\n\t\t\t\t\t\t\t\t\t<span class=\"elementor-button-text\">mai multe ...<\/span>\n\t\t\t\t\t<\/span>\n\t\t\t\t\t<\/a>\n\t\t<\/div>\n\t\t\t\t<\/div>\n\t\t\t\t<\/div>\n\t\t\t\t<div class=\"elementor-element elementor-element-755d5f3 elementor-widget elementor-widget-jet-listing-grid\" data-id=\"755d5f3\" data-element_type=\"widget\" data-settings=\"{&quot;columns&quot;:&quot;2&quot;,&quot;columns_tablet_extra&quot;:&quot;4&quot;,&quot;columns_mobile&quot;:&quot;2&quot;}\" data-widget_type=\"jet-listing-grid.default\">\n\t\t\t\t<div class=\"elementor-widget-container\">\n\t\t\t<div class=\"jet-listing-notice\">Please select listing to show.<\/div>\t\t<\/div>\n\t\t\t\t<\/div>\n\t\t\t\t<\/div>\n\t\t\t\t<\/div>\n\t\t\t\t\t<\/div>\n\t\t\t\t<\/div>\n\t\t\t\t<\/div>","protected":false},"excerpt":{"rendered":"<p>HomePage GENERALIT\u0102\u0162I Art. 1Prin \u201ecursant\u201d se \u00een\u021belege orice persoan\u0103 care solicit\u0103 \u015fi pl\u0103te\u015fte servicii de asisten\u0163\u0103 turistic\u0103 \u015fi particip\u0103 la o activitate de preg\u0103tire montan\u0103, indiferent de tipul de activitate \u015fi de durat\u0103. Art. 2Prin \u201eghid\u201d se \u00een\u0163elege orice persoan\u0103 calificat\u0103 (ghid montan, lider montan, instructor de alpinism\/escalad\u0103) sau \u00een curs de calificare (ghid aspirant\/ini\u0163iator [&hellip;]<\/p>","protected":false},"author":1,"featured_media":0,"parent":0,"menu_order":0,"comment_status":"closed","ping_status":"closed","template":"elementor_header_footer","meta":{"footnotes":""},"class_list":["post-2094","page","type-page","status-publish","hentry","entry"],"_links":{"self":[{"href":"https:\/\/scoala.eimagine.ro\/en\/wp-json\/wp\/v2\/pages\/2094","targetHints":{"allow":["GET"]}}],"collection":[{"href":"https:\/\/scoala.eimagine.ro\/en\/wp-json\/wp\/v2\/pages"}],"about":[{"href":"https:\/\/scoala.eimagine.ro\/en\/wp-json\/wp\/v2\/types\/page"}],"author":[{"embeddable":true,"href":"https:\/\/scoala.eimagine.ro\/en\/wp-json\/wp\/v2\/users\/1"}],"replies":[{"embeddable":true,"href":"https:\/\/scoala.eimagine.ro\/en\/wp-json\/wp\/v2\/comments?post=2094"}],"version-history":[{"count":0,"href":"https:\/\/scoala.eimagine.ro\/en\/wp-json\/wp\/v2\/pages\/2094\/revisions"}],"wp:attachment":[{"href":"https:\/\/scoala.eimagine.ro\/en\/wp-json\/wp\/v2\/media?parent=2094"}],"curies":[{"name":"wp","href":"https:\/\/api.w.org\/{rel}","templated":true}]}}